{"id":9235,"date":"2018-07-27T15:37:11","date_gmt":"2018-07-27T13:37:11","guid":{"rendered":"http:\/\/detlev.von.graeve.org\/?page_id=9235"},"modified":"2018-07-27T15:53:56","modified_gmt":"2018-07-27T13:53:56","slug":"datenschutzerklaerung","status":"publish","type":"page","link":"http:\/\/detlev.von.graeve.org\/?page_id=9235","title":{"rendered":"Datenschutzerkl\u00e4rung"},"content":{"rendered":"<h4>Wer wir sind &#8230;<\/h4>\n<p>steht auf der Seite Autor. Die Adresse unserer Website ist: http:\/\/detlev.von.graeve.org.<\/p>\n<h4><\/h4>\n<h4>Welche personenbezogenen Daten wir sammeln und warum wir sie sammeln &#8211; das betrifft Kommentare, Kontaktaufnahme und Besuch der Seite<\/h4>\n<p>Wenn Besucher Kommentare auf der Website schreiben,\u00a0 sammeln wir die Daten, die im Kommentar-Formular angezeigt werden, au\u00dferdem die IP-Adresse des Besuchers und den User-Agent-String (damit wird der Browser identifiziert), um die Erkennung von Spam zu unterst\u00fctzen.<\/p>\n<p>Wenn Sie einen Kommentar schreiben, wird dieser inklusive Metadaten zeitlich unbegrenzt gespeichert. Auf diese Art k\u00f6nnen wir Folgekommentare automatisch erkennen und freigeben, anstelle sie in einer Moderations-Warteschlange festzuhalten.<\/p>\n<p>Wenn Sie das Kontaktformular benutzen, ist es nicht anders, als wenn sie uns eine Email schicken w\u00fcrden.<\/p>\n<p>Wenn Sie die Webseite besuchen, wird Ihr IP vom WP AddOn automatisch anonymisiert (hashtag). Besucher sind nicht zur\u00fcckzuverfolgen.<\/p>\n<p>Wir setzen auf Ihrem Rechner keine Cookies .<\/p>\n<p>Andere Websites werden grunds\u00e4tzlich nur verlinkt, deren Inhalte nicht eingebettet.<\/p>\n<p>Mit wem wir Ihre Daten teilen?\u00a0 &#8211; wissentlich mit niemandem.<\/p>\n<h4><\/h4>\n<h4>Welche Rechte Sie an Ihren Daten haben<\/h4>\n<p>Wenn Sie\u00a0 Kommentare geschrieben haben, k\u00f6nnen Sie einen Export Ihrer personenbezogenen Daten bei uns anfordern, inklusive aller Daten, die Sie uns mitgeteilt haben. Dar\u00fcber hinaus k\u00f6nnen Sie die L\u00f6schung aller personenbezogenen Daten, die wir von Ihnen gespeichert haben, anfordern.<\/p>\n<h4>Copyright (Medien)<\/h4>\n<p>Sollten Sie Bilder oder Texte von Ihnen auf dieser Webseite entdecken und ihre Einbettung nicht w\u00fcnschen, gen\u00fcgt eine formlose Mitteilung \u00fcber die Kontaktseite (mit Klarnamen und Emailadresse), damit wir sie unverz\u00fcglich l\u00f6schen.<\/p>\n<p>&nbsp;<\/p>\n<ul>\n<li><em>Auf der Basis des Leitfadens von WordPress ist diese Erkl\u00e4rung dem privaten Charakter unserer Webseite angepasst.\u00a0\u00a0\u00a0 Juli 2018<\/em><\/li>\n<\/ul>\n<h3><\/h3>\n","protected":false},"excerpt":{"rendered":"<p>Wer wir sind &#8230; steht auf der Seite Autor. Die Adresse unserer Website ist: http:\/\/detlev.von.graeve.org. Welche personenbezogenen Daten wir sammeln und warum wir sie sammeln &#8211; das betrifft Kommentare, Kontaktaufnahme und Besuch der Seite Wenn Besucher Kommentare auf der Website schreiben,\u00a0 sammeln wir die Daten, die im Kommentar-Formular angezeigt werden, au\u00dferdem die IP-Adresse des Besuchers [&hellip;]<\/p>\n","protected":false},"author":1,"featured_media":0,"parent":0,"menu_order":6,"comment_status":"closed","ping_status":"closed","template":"","meta":{"footnotes":""},"class_list":["post-9235","page","type-page","status-publish","hentry"],"_links":{"self":[{"href":"http:\/\/detlev.von.graeve.org\/index.php?rest_route=\/wp\/v2\/pages\/9235","targetHints":{"allow":["GET"]}}],"collection":[{"href":"http:\/\/detlev.von.graeve.org\/index.php?rest_route=\/wp\/v2\/pages"}],"about":[{"href":"http:\/\/detlev.von.graeve.org\/index.php?rest_route=\/wp\/v2\/types\/page"}],"author":[{"embeddable":true,"href":"http:\/\/detlev.von.graeve.org\/index.php?rest_route=\/wp\/v2\/users\/1"}],"replies":[{"embeddable":true,"href":"http:\/\/detlev.von.graeve.org\/index.php?rest_route=%2Fwp%2Fv2%2Fcomments&post=9235"}],"version-history":[{"count":4,"href":"http:\/\/detlev.von.graeve.org\/index.php?rest_route=\/wp\/v2\/pages\/9235\/revisions"}],"predecessor-version":[{"id":9240,"href":"http:\/\/detlev.von.graeve.org\/index.php?rest_route=\/wp\/v2\/pages\/9235\/revisions\/9240"}],"wp:attachment":[{"href":"http:\/\/detlev.von.graeve.org\/index.php?rest_route=%2Fwp%2Fv2%2Fmedia&parent=9235"}],"curies":[{"name":"wp","href":"https:\/\/api.w.org\/{rel}","templated":true}]}}