{"id":712,"date":"2013-11-10T22:34:48","date_gmt":"2013-11-10T21:34:48","guid":{"rendered":"http:\/\/detlev.von.graeve.org\/?page_id=712"},"modified":"2020-05-21T17:28:36","modified_gmt":"2020-05-21T15:28:36","slug":"autor","status":"publish","type":"page","link":"http:\/\/detlev.von.graeve.org\/?page_id=712","title":{"rendered":"Autor"},"content":{"rendered":"<p><b><a href=\"http:\/\/detlev.von.graeve.org\/wp-content\/uploads\/2013\/11\/Detlev-2012-Burgund-P7125061.jpg\"><img loading=\"lazy\" decoding=\"async\" class=\"alignnone size-medium wp-image-2343\" src=\"http:\/\/detlev.von.graeve.org\/wp-content\/uploads\/2013\/11\/Detlev-2012-Burgund-P7125061-300x225.jpg\" alt=\"OLYMPUS DIGITAL CAMERA\" width=\"300\" height=\"225\" srcset=\"http:\/\/detlev.von.graeve.org\/wp-content\/uploads\/2013\/11\/Detlev-2012-Burgund-P7125061-300x225.jpg 300w, http:\/\/detlev.von.graeve.org\/wp-content\/uploads\/2013\/11\/Detlev-2012-Burgund-P7125061-624x468.jpg 624w, http:\/\/detlev.von.graeve.org\/wp-content\/uploads\/2013\/11\/Detlev-2012-Burgund-P7125061.jpg 1000w\" sizes=\"auto, (max-width: 300px) 100vw, 300px\" \/><\/a>\u00a0<span style=\"color: #000000;\">\u00a0\u00a0 &lt; \u00a0 2012 zwischen den Sph\u00e4ren<\/span><\/b><\/p>\n<p>&nbsp;<\/p>\n<p><span style=\"color: #000000;\">&#8222;<em>Detlev Edler von Graeve (b. 1944) has lived most of his life in Frankfurt\/Main, Germany. After studying Philosophy, History, and Political Sciences at the universities of Frankfurt\/M, Vienna and Berne, he started teaching 1971 at a technical college and, from 1976 on till his retirement in 2006, at a grammar school near Frankfurt.<br \/>\n<\/em><\/span><\/p>\n<p><span style=\"color: #000000;\"><em>From the seventies on he travelled as a backpacker in\u00a0Africa, China and elsewhere. He is a fervent photographer and a collector of ethnographic\u00a0objects, co-author of \u201cTigermaske und Knochengespenst \u2013 die neue chinesische Karikatur\u201c\u00a0(K\u00f6ln 1978, with Johnny Erling), and co-curator of \u201cBilder vom Gl\u00fcck \u2013 chinesische popul\u00e4re\u00a0Grafik aus dem 20. Jahrhundert\u201c at the Museum der Weltkulturen, Frankfurt\/M in 2002. He has\u00a0been a critical friend of Vil\u00e9m Flusser\u2019s philosophy since 1998.<\/em>&#8222;<\/span><\/p>\n<p><span style=\"color: #000000;\"><em>Source : \u00a0flusser-studies.net no.12, 2011<\/em><\/span><\/p>\n<div>\n<p>&nbsp;<\/p>\n<p><span style=\"color: #000000;\"><a style=\"color: #000000;\" href=\"http:\/\/detlev.von.graeve.org\/wp-content\/uploads\/2013\/11\/IMG_7411Gore-Tex.jpg\"><img loading=\"lazy\" decoding=\"async\" src=\"http:\/\/detlev.von.graeve.org\/wp-content\/uploads\/2013\/11\/IMG_7411Gore-Tex-225x300.jpg\" alt=\"IMG_7411Gore-Tex\" width=\"225\" height=\"300\" \/><\/a>\u00a0\u00a0Gekleidet von Schubidubi, Schillerstra\u00dfe im April 2014<\/span><\/p>\n<div><span style=\"color: #000000;\">\u00a0<\/span><\/div>\n<p><span style=\"color: #000000;\">Ich finde, Ihre und meine Lebenszeit ist zu schade, sie mit unseren Befindlichkeiten zu vertun. Die Welt ist zu interessant. Ich will Ihnen nicht die Zeit stehlen. Auch pers\u00f6nliche Bemerkungen sollen der Kl\u00e4rung von Relevanterem dienen, etwa von Perspektiven, Denkans\u00e4tzen oder zur Anregung eigener Gedanken und zur offenen Kommunikation.<\/span><\/p>\n<p><span style=\"color: #000000;\">14. Juli 2014\u00a0 (Das heutige Datum tut nichts zur Sache)<\/span><\/p>\n<p style=\"text-align: center;\"><span style=\"color: #000000;\"><strong>Meine Heimat beschreibe ich in &#8222;<a style=\"color: #000000;\" title=\"Ich bin Frankfurter.\" href=\"http:\/\/detlev.von.graeve.org\/?p=61\">Ich bin ein Frankfurter<\/a>&#8222;<\/strong><\/span><\/p>\n<\/div>\n<p style=\"text-align: center;\"><span style=\"color: #000000;\"><strong>\u201a500 Aufrufe in einer Woche\u2019 &#8211; Danksagung<br \/>\n<\/strong><\/span><\/p>\n<p><span style=\"color: #000000;\">Besonderer Dank geht an die treuen Freunde, eine Handvoll, welche die Seite sichtbar begleitet und mit Zuspruch und Kritik ihre Entwicklung und Lesbarkeit verbessert haben, darunter auch mein immer hilfsbereiter Administrator! Bitte weiter so! Einen Dank auch an die wenigen Mitmenschen, die sich \u00fcber die Kommentarfunktion gemeldet haben.<br \/>\n<\/span><\/p>\n<p><span style=\"color: #000000;\">Eine weitere Gruppe der sichtbaren Leser bilden solche, die mit dem Internet \u00fcberhaupt nichts am Hut haben, ausgerechnet Altersgenossen und zu meinem Leidwesen besonders viele Sammler. Ihnen habe ich oft Ausdrucke der Artikel mitgebracht oder im frankierten Umschlag geschickt. Da ich selber lieber Ausdrucke lese und es nur widerwillig akzeptiere, \u00fcber die Originalbeitr\u00e4ge ausschlie\u00dflich <em>online<\/em> zu verf\u00fcgen, versuche ich, das Layout druckgerecht zu gestalten.<br \/>\n<\/span><\/p>\n<p><span style=\"color: #000000;\">Als eine etwas andere Lesergruppe will ich schlie\u00dflich die Suchmaschinen ansprechen. Ihnen verdankt die Seite viel. Unerm\u00fcdlich und genau haben sie die bisher dreihundertvierzig Beitr\u00e4ge registriert und verteilen sie nach ihrem &#8218;Algorithmus&#8216; gerecht an ihre Nutzer. Zwar wird auf der Basis ihrer Datenerhebungen der Gro\u00dfe Bruder demn\u00e4chst in der Lage sein, meinen Jargon und meine Gedanken synthetisch zu erzeugen und vielleicht sogar gem\u00e4\u00df seinen eigenen Intentionen zu verf\u00e4lschen &#8211; oder wird es wieder ein Algorithmus sein, wie er Vilem Flusser so klar vor Augen stand?<\/span><\/p>\n<p>&nbsp;<\/p>\n","protected":false},"excerpt":{"rendered":"<p>\u00a0\u00a0\u00a0 &lt; \u00a0 2012 zwischen den Sph\u00e4ren &nbsp; &#8222;Detlev Edler von Graeve (b. 1944) has lived most of his life in Frankfurt\/Main, Germany. After studying Philosophy, History, and Political Sciences at the universities of Frankfurt\/M, Vienna and Berne, he started teaching 1971 at a technical college and, from 1976 on till his retirement in 2006, [&hellip;]<\/p>\n","protected":false},"author":1,"featured_media":0,"parent":0,"menu_order":0,"comment_status":"closed","ping_status":"closed","template":"","meta":{"footnotes":""},"class_list":["post-712","page","type-page","status-publish","hentry"],"_links":{"self":[{"href":"http:\/\/detlev.von.graeve.org\/index.php?rest_route=\/wp\/v2\/pages\/712","targetHints":{"allow":["GET"]}}],"collection":[{"href":"http:\/\/detlev.von.graeve.org\/index.php?rest_route=\/wp\/v2\/pages"}],"about":[{"href":"http:\/\/detlev.von.graeve.org\/index.php?rest_route=\/wp\/v2\/types\/page"}],"author":[{"embeddable":true,"href":"http:\/\/detlev.von.graeve.org\/index.php?rest_route=\/wp\/v2\/users\/1"}],"replies":[{"embeddable":true,"href":"http:\/\/detlev.von.graeve.org\/index.php?rest_route=%2Fwp%2Fv2%2Fcomments&post=712"}],"version-history":[{"count":25,"href":"http:\/\/detlev.von.graeve.org\/index.php?rest_route=\/wp\/v2\/pages\/712\/revisions"}],"predecessor-version":[{"id":11533,"href":"http:\/\/detlev.von.graeve.org\/index.php?rest_route=\/wp\/v2\/pages\/712\/revisions\/11533"}],"wp:attachment":[{"href":"http:\/\/detlev.von.graeve.org\/index.php?rest_route=%2Fwp%2Fv2%2Fmedia&parent=712"}],"curies":[{"name":"wp","href":"https:\/\/api.w.org\/{rel}","templated":true}]}}